{"id":1093,"date":"2024-02-22T14:42:10","date_gmt":"2024-02-22T17:42:10","guid":{"rendered":"https:\/\/adiplus.cl\/?page_id=1093"},"modified":"2025-08-19T18:52:09","modified_gmt":"2025-08-19T21:52:09","slug":"contacto","status":"publish","type":"page","link":"https:\/\/adiplus.cl\/?page_id=1093","title":{"rendered":"Contacto"},"content":{"rendered":"<p>[et_pb_section fb_built=\u00bb1&#8243; custom_padding_last_edited=\u00bbon|tablet\u00bb module_id=\u00bbcontacto\u00bb _builder_version=\u00bb4.16&#8243; background_size=\u00bbinitial\u00bb background_position=\u00bbtop_right\u00bb custom_margin_tablet=\u00bb\u00bb custom_margin_phone=\u00bb\u00bb custom_margin_last_edited=\u00bbon|tablet\u00bb custom_padding=\u00bb300px|||\u00bb custom_padding_tablet=\u00bb50px|||\u00bb custom_padding_phone=\u00bb40px|||\u00bb global_module=\u00bb167&#8243; global_colors_info=\u00bb{}\u00bb][et_pb_row custom_padding_last_edited=\u00bbon|phone\u00bb _builder_version=\u00bb4.16&#8243; background_size=\u00bbinitial\u00bb background_position=\u00bbtop_right\u00bb max_width=\u00bb1080px\u00bb custom_padding=\u00bb|75px||75px\u00bb custom_padding_tablet=\u00bb\u00bb custom_padding_phone=\u00bb|15px||15px\u00bb custom_css_main_element=\u00bbbackground-position: 110% -50px;\u00bb global_colors_info=\u00bb{}\u00bb][et_pb_column type=\u00bb4_4&#8243; _builder_version=\u00bb4.16&#8243; custom_padding=\u00bb|||\u00bb global_colors_info=\u00bb{}\u00bb custom_padding__hover=\u00bb|||\u00bb][et_pb_text admin_label=\u00bbT\u00edtulo Contacto\u00bb _builder_version=\u00bb4.24.1&#8243; text_font=\u00bbGeorgia||||||||\u00bb text_text_color=\u00bb#4b4b4b\u00bb text_font_size=\u00bb16px\u00bb text_line_height=\u00bb26px\u00bb header_letter_spacing=\u00bb-2px\u00bb header_2_font=\u00bbpfdin-thin|100|||||||\u00bb header_2_text_color=\u00bb#4b6432&#8243; header_2_font_size=\u00bb60px\u00bb header_2_letter_spacing=\u00bb-2px\u00bb header_2_line_height=\u00bb60px\u00bb header_4_font=\u00bbRoboto Condensed|300|||||||\u00bb header_4_text_align=\u00bbcenter\u00bb header_4_text_color=\u00bb#4b6432&#8243; header_4_letter_spacing=\u00bb3px\u00bb header_4_line_height=\u00bb30px\u00bb text_orientation=\u00bbcenter\u00bb custom_padding=\u00bb||5px|\u00bb animation_style=\u00bbslide\u00bb animation_direction=\u00bbbottom\u00bb animation_duration=\u00bb500ms\u00bb animation_intensity_slide=\u00bb5%\u00bb header_2_font_size_tablet=\u00bb\u00bb header_2_font_size_phone=\u00bb32px\u00bb header_2_font_size_last_edited=\u00bbon|desktop\u00bb header_2_line_height_tablet=\u00bb\u00bb header_2_line_height_phone=\u00bb32px\u00bb header_2_line_height_last_edited=\u00bbon|phone\u00bb global_colors_info=\u00bb{}\u00bb]<\/p>\n<h4>CONTACTO<\/h4>\n<p>[\/et_pb_text][et_pb_image src=\u00bbhttps:\/\/adiplus.cl\/wp-content\/uploads\/2019\/01\/filete.png\u00bb show_bottom_space=\u00bboff\u00bb align=\u00bbcenter\u00bb align_tablet=\u00bbcenter\u00bb align_phone=\u00bb\u00bb align_last_edited=\u00bbon|desktop\u00bb admin_label=\u00bbfilete\u00bb _builder_version=\u00bb4.16&#8243; custom_margin=\u00bb0px|0px|20px|0px\u00bb custom_padding=\u00bb0px|0px|0px|0px\u00bb global_colors_info=\u00bb{}\u00bb][\/et_pb_image][et_pb_text admin_label=\u00bbTexto %22P\u00f3ngase en contacto..%22&#8243; _builder_version=\u00bb4.24.1&#8243; text_font=\u00bbGeorgia||||||||\u00bb text_text_color=\u00bb#4b6432&#8243; text_font_size=\u00bb36px\u00bb text_letter_spacing=\u00bb-1px\u00bb text_line_height=\u00bb44px\u00bb header_letter_spacing=\u00bb-2px\u00bb header_2_font=\u00bbpfdin-thin|100|||||||\u00bb header_2_text_color=\u00bb#4b6432&#8243; header_2_font_size=\u00bb60px\u00bb header_2_letter_spacing=\u00bb-2px\u00bb header_2_line_height=\u00bb60px\u00bb header_4_font=\u00bbRoboto Condensed|300|||||||\u00bb header_4_text_align=\u00bbcenter\u00bb header_4_text_color=\u00bb#4b6432&#8243; header_4_letter_spacing=\u00bb3px\u00bb header_4_line_height=\u00bb30px\u00bb text_orientation=\u00bbcenter\u00bb animation_style=\u00bbslide\u00bb animation_direction=\u00bbbottom\u00bb animation_duration=\u00bb500ms\u00bb animation_intensity_slide=\u00bb5%\u00bb text_font_size_tablet=\u00bb\u00bb text_font_size_phone=\u00bb24px\u00bb text_font_size_last_edited=\u00bbon|desktop\u00bb header_2_font_size_tablet=\u00bb\u00bb header_2_font_size_phone=\u00bb32px\u00bb header_2_font_size_last_edited=\u00bbon|desktop\u00bb header_2_line_height_tablet=\u00bb\u00bb header_2_line_height_phone=\u00bb32px\u00bb header_2_line_height_last_edited=\u00bbon|phone\u00bb global_colors_info=\u00bb{}\u00bb]P\u00f3ngase en contacto para averiguar c\u00f3mo podemos ofrecerle un producto premium que se adapte a sus necesidades.[\/et_pb_text][et_pb_contact_form captcha=\u00bboff\u00bb email=\u00bbadiplus@adiplus.cl\u00bb custom_message=\u00bbMensaje enviado desde el formulario de la p\u00e1gina web ||et_pb_line_break_holder||||et_pb_line_break_holder||DATOS ENVIADOS||et_pb_line_break_holder||Nombre: %%nombre%%||et_pb_line_break_holder||Empresa: %%empresa%%||et_pb_line_break_holder||Cargo: %%cargo%%||et_pb_line_break_holder||E-Mail: %%mail%%||et_pb_line_break_holder||Tel\u00e9fono: %%telefono%%||et_pb_line_break_holder||Mensaje: %%mensaje%%\u00bb success_message=\u00bbTu mensaje se ha enviado correctamente. \u00a1Gracias!\u00bb _builder_version=\u00bb4.24.1&#8243; custom_button=\u00bbon\u00bb button_text_size=\u00bb21&#8243; button_text_color=\u00bb#4b6432&#8243; button_border_width=\u00bb1&#8243; button_border_radius=\u00bb0&#8243; button_font=\u00bbRoboto Condensed|300|||||||\u00bb button_use_icon=\u00bboff\u00bb custom_margin=\u00bb135px||135px|\u00bb custom_margin_tablet=\u00bb\u00bb custom_margin_phone=\u00bb35px||35px|\u00bb custom_margin_last_edited=\u00bbon|phone\u00bb z_index_tablet=\u00bb500&#8243; border_color_all=\u00bb#4b6432&#8243; global_colors_info=\u00bb{}\u00bb][et_pb_contact_field field_id=\u00bbnombre\u00bb field_title=\u00bbNOMBRE\u00bb _builder_version=\u00bb4.16&#8243; form_field_background_color=\u00bb#ffffff\u00bb form_field_text_color=\u00bb#4b6432&#8243; form_field_font=\u00bbRoboto Condensed|300|||||||\u00bb form_field_font_size=\u00bb18&#8243; form_field_line_height=\u00bb30px\u00bb form_field_font_size_tablet=\u00bb18&#8243; form_field_font_size_phone=\u00bb18&#8243; form_field_line_height_tablet=\u00bb30px\u00bb form_field_line_height_phone=\u00bb30px\u00bb border_width_bottom=\u00bb1px\u00bb border_color_bottom=\u00bb#4b6432&#8243; field_background_color=\u00bb#ffffff\u00bb global_colors_info=\u00bb{}\u00bb][\/et_pb_contact_field][et_pb_contact_field field_id=\u00bbmensaje\u00bb field_title=\u00bbMENSAJE\u00bb _builder_version=\u00bb4.16&#8243; form_field_background_color=\u00bb#ffffff\u00bb form_field_text_color=\u00bb#4b6432&#8243; form_field_font=\u00bbRoboto Condensed|300|||||||\u00bb form_field_font_size=\u00bb18&#8243; form_field_line_height=\u00bb30px\u00bb form_field_font_size_tablet=\u00bb18&#8243; form_field_font_size_phone=\u00bb18&#8243; form_field_line_height_tablet=\u00bb30px\u00bb form_field_line_height_phone=\u00bb30px\u00bb border_width_bottom=\u00bb1px\u00bb border_color_bottom=\u00bb#4b6432&#8243; field_background_color=\u00bb#ffffff\u00bb global_colors_info=\u00bb{}\u00bb][\/et_pb_contact_field][et_pb_contact_field field_id=\u00bbempresa\u00bb field_title=\u00bbEMPRESA\u00bb _builder_version=\u00bb4.16&#8243; form_field_background_color=\u00bb#ffffff\u00bb form_field_text_color=\u00bb#4b6432&#8243; form_field_font=\u00bbRoboto Condensed|300|||||||\u00bb form_field_font_size=\u00bb18&#8243; form_field_line_height=\u00bb30px\u00bb form_field_font_size_tablet=\u00bb18&#8243; form_field_font_size_phone=\u00bb18&#8243; form_field_line_height_tablet=\u00bb30px\u00bb form_field_line_height_phone=\u00bb30px\u00bb border_width_bottom=\u00bb1px\u00bb border_color_bottom=\u00bb#4b6432&#8243; field_background_color=\u00bb#ffffff\u00bb global_colors_info=\u00bb{}\u00bb][\/et_pb_contact_field][et_pb_contact_field field_id=\u00bbcargo\u00bb field_title=\u00bbCARGO\u00bb _builder_version=\u00bb4.24.1&#8243; form_field_background_color=\u00bb#ffffff\u00bb form_field_text_color=\u00bb#4b6432&#8243; form_field_font=\u00bbRoboto Condensed|300|||||||\u00bb form_field_font_size=\u00bb18&#8243; form_field_line_height=\u00bb30px\u00bb form_field_font_size_tablet=\u00bb18&#8243; form_field_font_size_phone=\u00bb18&#8243; form_field_line_height_tablet=\u00bb30px\u00bb form_field_line_height_phone=\u00bb30px\u00bb border_width_bottom=\u00bb1px\u00bb border_color_bottom=\u00bb#4b6432&#8243; field_background_color=\u00bb#ffffff\u00bb global_colors_info=\u00bb{}\u00bb][\/et_pb_contact_field][et_pb_contact_field field_id=\u00bbmail\u00bb field_title=\u00bbMAIL\u00bb _builder_version=\u00bb4.16&#8243; form_field_background_color=\u00bb#ffffff\u00bb form_field_text_color=\u00bb#4b6432&#8243; form_field_font=\u00bbRoboto Condensed|300|||||||\u00bb form_field_font_size=\u00bb18&#8243; form_field_line_height=\u00bb30px\u00bb form_field_font_size_tablet=\u00bb18&#8243; form_field_font_size_phone=\u00bb18&#8243; form_field_line_height_tablet=\u00bb30px\u00bb form_field_line_height_phone=\u00bb30px\u00bb border_width_bottom=\u00bb1px\u00bb border_color_bottom=\u00bb#4b6432&#8243; field_background_color=\u00bb#ffffff\u00bb global_colors_info=\u00bb{}\u00bb][\/et_pb_contact_field][et_pb_contact_field field_id=\u00bbtelefono\u00bb field_title=\u00bbTEL\u00c9FONO\u00bb required_mark=\u00bboff\u00bb _builder_version=\u00bb4.24.1&#8243; form_field_background_color=\u00bb#ffffff\u00bb form_field_text_color=\u00bb#4b6432&#8243; form_field_font=\u00bbRoboto Condensed|300|||||||\u00bb form_field_font_size=\u00bb18&#8243; form_field_line_height=\u00bb30px\u00bb form_field_font_size_tablet=\u00bb18&#8243; form_field_font_size_phone=\u00bb18&#8243; form_field_line_height_tablet=\u00bb30px\u00bb form_field_line_height_phone=\u00bb30px\u00bb border_width_bottom=\u00bb1px\u00bb border_color_bottom=\u00bb#4b6432&#8243; field_background_color=\u00bb#ffffff\u00bb global_colors_info=\u00bb{}\u00bb][\/et_pb_contact_field][\/et_pb_contact_form][\/et_pb_column][\/et_pb_row][\/et_pb_section][et_pb_section fb_built=\u00bb1&#8243; _builder_version=\u00bb4.16&#8243; custom_margin=\u00bb||100px|\u00bb custom_margin_tablet=\u00bb\u00bb custom_margin_phone=\u00bb||0px|\u00bb custom_margin_last_edited=\u00bbon|desktop\u00bb global_module=\u00bb649&#8243; locked=\u00bboff\u00bb global_colors_info=\u00bb{}\u00bb][et_pb_row column_structure=\u00bb1_2,1_2&#8243; make_equal=\u00bbon\u00bb _builder_version=\u00bb4.16&#8243; background_size=\u00bbinitial\u00bb background_position=\u00bbtop_left\u00bb background_repeat=\u00bbrepeat\u00bb max_width=\u00bb1080px\u00bb global_colors_info=\u00bb{}\u00bb][et_pb_column type=\u00bb1_2&#8243; _builder_version=\u00bb4.16&#8243; custom_padding=\u00bb|||\u00bb global_colors_info=\u00bb{}\u00bb custom_padding__hover=\u00bb|||\u00bb][et_pb_image src=\u00bbhttps:\/\/adiplus.cl\/wp-content\/uploads\/2019\/01\/adiplus.png\u00bb show_bottom_space=\u00bboff\u00bb admin_label=\u00bbLogo Footer\u00bb _builder_version=\u00bb4.16&#8243; custom_margin=\u00bb64px||60px|\u00bb always_center_on_mobile=\u00bboff\u00bb global_colors_info=\u00bb{}\u00bb][\/et_pb_image][et_pb_text admin_label=\u00bbDatos de Contacto\u00bb _builder_version=\u00bb4.27.4&#8243; text_font=\u00bbGeorgia||||||||\u00bb text_text_color=\u00bb#4b4b4b\u00bb text_font_size=\u00bb16px\u00bb text_line_height=\u00bb30px\u00bb link_font=\u00bbGeorgia||||||||\u00bb link_text_color=\u00bb#4b4b4b\u00bb link_font_size=\u00bb16px\u00bb link_line_height=\u00bb25px\u00bb z_index_tablet=\u00bb500&#8243; global_colors_info=\u00bb{}\u00bb]<a href=\"https:\/\/maps.app.goo.gl\/pcTPVUeXAHbsyTrx8\" target=\"_blank\" rel=\"noopener\">Benjam\u00edn 2935, (Of. 901) Las Condes, Regi\u00f3n Metropolitana, Chile<\/a> <br class=\"responsive\" \/><a href=\"tel:+56222642072\">(56 2) 2264 2072 <\/a>\/ <a href=\"tel:+56996192240\">(56 9) 9619 2240<\/a><br class=\"responsive\" \/><a href=\"mailto:adiplus@adiplus.cl\">adiplus@adiplus.cl<\/a>[\/et_pb_text][\/et_pb_column][et_pb_column type=\u00bb1_2&#8243; _builder_version=\u00bb4.16&#8243; custom_padding=\u00bb|||\u00bb global_colors_info=\u00bb{}\u00bb custom_padding__hover=\u00bb|||\u00bb][et_pb_text admin_label=\u00bbDise\u00f1\u00f3..\u00bb module_class=\u00bbcopyright\u00bb _builder_version=\u00bb4.16&#8243; text_font=\u00bbGeorgia||||||||\u00bb text_text_color=\u00bb#4b4b4b\u00bb text_font_size=\u00bb16px\u00bb text_line_height=\u00bb25px\u00bb link_font=\u00bbGeorgia||||||||\u00bb link_text_align=\u00bbright\u00bb link_text_color=\u00bb#4b4b4b\u00bb link_font_size=\u00bb16px\u00bb link_line_height=\u00bb25px\u00bb text_orientation=\u00bbright\u00bb custom_css_main_element=\u00bbvertical-align: text-bottom;||height: 100%;\u00bb global_colors_info=\u00bb{}\u00bb]<\/p>\n<p style=\"vertical-align:text-bottom\">Dise\u00f1\u00f3 <a href=\"http:\/\/sevenlatam.com\/\" target=\"_blank\" rel=\"noopener noreferrer\">SevenLatam.com<\/a><\/p>\n<p>[\/et_pb_text][\/et_pb_column][\/et_pb_row][\/et_pb_section]<\/p>\n ","protected":false},"excerpt":{"rendered":"<p>CONTACTOP\u00f3ngase en contacto para averiguar c\u00f3mo podemos ofrecerle un producto premium que se adapte a sus necesidades.Benjam\u00edn 2935, (Of. 901) Las Condes, Regi\u00f3n Metropolitana, Chile (56 2) 2264 2072 \/ (56 9) 9619 2240adiplus@adiplus.clDise\u00f1\u00f3 SevenLatam.com<\/p>\n","protected":false},"author":1,"featured_media":0,"parent":0,"menu_order":0,"comment_status":"closed","ping_status":"closed","template":"","meta":{"_et_pb_use_builder":"on","_et_pb_old_content":"","_et_gb_content_width":"","footnotes":""},"class_list":["post-1093","page","type-page","status-publish","hentry"],"_links":{"self":[{"href":"https:\/\/adiplus.cl\/index.php?rest_route=\/wp\/v2\/pages\/1093","targetHints":{"allow":["GET"]}}],"collection":[{"href":"https:\/\/adiplus.cl\/index.php?rest_route=\/wp\/v2\/pages"}],"about":[{"href":"https:\/\/adiplus.cl\/index.php?rest_route=\/wp\/v2\/types\/page"}],"author":[{"embeddable":true,"href":"https:\/\/adiplus.cl\/index.php?rest_route=\/wp\/v2\/users\/1"}],"replies":[{"embeddable":true,"href":"https:\/\/adiplus.cl\/index.php?rest_route=%2Fwp%2Fv2%2Fcomments&post=1093"}],"version-history":[{"count":0,"href":"https:\/\/adiplus.cl\/index.php?rest_route=\/wp\/v2\/pages\/1093\/revisions"}],"wp:attachment":[{"href":"https:\/\/adiplus.cl\/index.php?rest_route=%2Fwp%2Fv2%2Fmedia&parent=1093"}],"curies":[{"name":"wp","href":"https:\/\/api.w.org\/{rel}","templated":true}]}}